{"id":963,"date":"2024-11-05T20:33:31","date_gmt":"2024-11-05T19:33:31","guid":{"rendered":"https:\/\/ultragwint.pl\/?page_id=963"},"modified":"2024-11-05T20:33:31","modified_gmt":"2024-11-05T19:33:31","slug":"punkty-kontrolne-2025","status":"publish","type":"page","link":"https:\/\/ultragwint.pl\/?page_id=963","title":{"rendered":"Punkty Kontrolne 2025"},"content":{"rendered":"<p style=\"text-align: center;\">Przybli\u017cone odleg\u0142o\u015bci pomi\u0119dzy punktami kontrolnymi na poszczeg\u00f3lnych dystansach:<a href=\"http:\/\/ultragwint.pl\/wp-content\/uploads\/2024\/11\/P-KO_GWiNT_2025.png\"><img loading=\"lazy\" decoding=\"async\" class=\"aligncenter wp-image-964 size-full\" src=\"http:\/\/ultragwint.pl\/wp-content\/uploads\/2024\/11\/P-KO_GWiNT_2025.png\" alt=\"\" width=\"739\" height=\"307\" srcset=\"https:\/\/ultragwint.pl\/wp-content\/uploads\/2024\/11\/P-KO_GWiNT_2025.png 739w, https:\/\/ultragwint.pl\/wp-content\/uploads\/2024\/11\/P-KO_GWiNT_2025-300x125.png 300w\" sizes=\"auto, (max-width: 739px) 100vw, 739px\" \/><\/a><\/p>\n<p>&nbsp;<\/p>\n","protected":false},"excerpt":{"rendered":"<p>Przybli\u017cone odleg\u0142o\u015bci pomi\u0119dzy punktami kontrolnymi na poszczeg\u00f3lnych dystansach: &nbsp;<\/p>\n","protected":false},"author":2,"featured_media":0,"parent":0,"menu_order":0,"comment_status":"closed","ping_status":"closed","template":"","meta":{"footnotes":""},"class_list":["post-963","page","type-page","status-publish","hentry","comments-off"],"_links":{"self":[{"href":"https:\/\/ultragwint.pl\/index.php?rest_route=\/wp\/v2\/pages\/963","targetHints":{"allow":["GET"]}}],"collection":[{"href":"https:\/\/ultragwint.pl\/index.php?rest_route=\/wp\/v2\/pages"}],"about":[{"href":"https:\/\/ultragwint.pl\/index.php?rest_route=\/wp\/v2\/types\/page"}],"author":[{"embeddable":true,"href":"https:\/\/ultragwint.pl\/index.php?rest_route=\/wp\/v2\/users\/2"}],"replies":[{"embeddable":true,"href":"https:\/\/ultragwint.pl\/index.php?rest_route=%2Fwp%2Fv2%2Fcomments&post=963"}],"version-history":[{"count":1,"href":"https:\/\/ultragwint.pl\/index.php?rest_route=\/wp\/v2\/pages\/963\/revisions"}],"predecessor-version":[{"id":965,"href":"https:\/\/ultragwint.pl\/index.php?rest_route=\/wp\/v2\/pages\/963\/revisions\/965"}],"wp:attachment":[{"href":"https:\/\/ultragwint.pl\/index.php?rest_route=%2Fwp%2Fv2%2Fmedia&parent=963"}],"curies":[{"name":"wp","href":"https:\/\/api.w.org\/{rel}","templated":true}]}}