{"id":961,"date":"2024-11-05T20:18:02","date_gmt":"2024-11-05T19:18:02","guid":{"rendered":"https:\/\/ultragwint.pl\/?page_id=961"},"modified":"2024-11-05T20:18:02","modified_gmt":"2024-11-05T19:18:02","slug":"miejsca-startow-2025","status":"publish","type":"page","link":"https:\/\/ultragwint.pl\/?page_id=961","title":{"rendered":"miejsca start\u00f3w 2025"},"content":{"rendered":"<p><strong>SUPER GWiNT<\/strong><\/p>\n<p style=\"text-align: left;\">Start biegu Super GWiNT zlokalizowany jest przy Fala Park w Wolsztynie przy ul. Pozna\u0144skiej 1 (<strong><a href=\"http:\/\/www.falapark.pl\/\">www.falapark.pl<\/a><\/strong>).<\/p>\n<p style=\"text-align: justify;\"><strong>Start zawod\u00f3w zaplanowany jest na dzie\u0144 25 kwietnia 2025r. (pi\u0105tek) o godz. 18.00. \u00a0<\/strong><\/p>\n<p style=\"text-align: justify;\"><iframe loading=\"lazy\" style=\"border: 0;\" src=\"https:\/\/www.google.com\/maps\/embed?pb=!1m18!1m12!1m3!1d3365.9967987041796!2d16.110410274705522!3d52.11863945336319!2m3!1f0!2f0!3f0!3m2!1i1024!2i768!4f13.1!3m3!1m2!1s0x0000000000000000%3A0x309d49939050871c!2sFala+Park+Sp.+z+o.o.!5e0!3m2!1spl!2spl!4v1452088820919\" width=\"600\" height=\"450\" frameborder=\"0\" data-mce-fragment=\"1\"><\/iframe><\/p>\n<p style=\"text-align: justify;\"><strong>NORMAL GWiNT<\/strong><\/p>\n<p style=\"text-align: justify;\">Start biegu Normal GWiNT zlokalizowany jest przy pomniku Powsta\u0144c\u00f3w Wielkopolskich, Plac Niepodleg\u0142o\u015bci w Nowym Tomy\u015blu.<\/p>\n<p style=\"text-align: justify;\"><strong>Start zawod\u00f3w zaplanowany jest na dzie\u0144 26 kwietnia 2025r. (sobota) o godz. 3.00.<\/strong><\/p>\n<p>Zawodnicy zostan\u0105 przetransportowani autokarami na miejsce startu biegu Normal GWiNT spod Bazy Zawod\u00f3w w Wolsztynie.<\/p>\n<p><iframe loading=\"lazy\" style=\"border: 0;\" src=\"https:\/\/www.google.com\/maps\/embed?pb=!1m21!1m12!1m3!1d1219.4539962872777!2d16.128359241865212!3d52.31767202974148!2m3!1f0!2f0!3f0!3m2!1i1024!2i768!4f13.1!4m6!3e6!4m0!4m3!3m2!1d52.3176835!2d16.1290942!5e0!3m2!1spl!2spl!4v1452086372674\" width=\"600px\" height=\"450px\" frameborder=\"0\" data-mce-fragment=\"1\"><\/iframe><\/p>\n<p style=\"text-align: justify;\"><strong>MINI GWiNT<\/strong><\/p>\n<p style=\"text-align: justify;\">Start biegu Mini GWiNT zlokalizowany jest w Parku Miejskim, ul. 27 Stycznia w Grodzisku Wielkopolskim<\/p>\n<p style=\"text-align: justify;\"><strong>Start zawod\u00f3w zaplanowany jest na dzie\u0144 26 kwietnia 2025r. (sobota) o godz. 12.00. \u00a0<\/strong><\/p>\n<p style=\"text-align: justify;\">Zawodnicy zostan\u0105 przetransportowani autokarami na miejsce startu biegu Mini GWiNT spod Bazy Zawod\u00f3w w Wolsztynie.<\/p>\n<p style=\"text-align: justify;\"><iframe loading=\"lazy\" style=\"border: 0;\" src=\"https:\/\/www.google.com\/maps\/embed?pb=!1m18!1m12!1m3!1d1725.6837679228422!2d16.35904064526302!3d52.222567676845415!2m3!1f0!2f0!3f0!3m2!1i1024!2i768!4f13.1!3m3!1m2!1s0x4705cceed3c8b1b5%3A0x8885361a2c78168e!2sPark+miejski!5e0!3m2!1spl!2spl!4v1547923370720\" width=\"600\" height=\"450\" frameborder=\"0\" allowfullscreen=\"allowfullscreen\" data-mce-fragment=\"1\"><\/iframe><\/p>\n<p style=\"text-align: justify;\"><strong>MIKRO GWiNT<\/strong><\/p>\n<p style=\"text-align: justify;\">Start biegu Mikro GWiNT zlokalizowany jest na<em> Placu Powsta\u0144c\u00f3w Wielkopolskich W Rakoniewicach<\/em><\/p>\n<p style=\"text-align: justify;\"><strong>Start zawod\u00f3w zaplanowany jest na dzie\u0144 26 kwietnia 2025r. (sobota) o godz. 15.00. \u00a0<\/strong><\/p>\n<p style=\"text-align: justify;\">Zawodnicy zostan\u0105 przetransportowani autokarami na miejsce startu biegu Mikro GWiNT spod Bazy Zawod\u00f3w w Wolsztynie.<\/p>\n<p><iframe loading=\"lazy\" style=\"border: 0;\" src=\"https:\/\/www.google.com\/maps\/embed?pb=!1m18!1m12!1m3!1d1029.5636811663555!2d16.27192159287041!3d52.139252583420195!2m3!1f0!2f0!3f0!3m2!1i1024!2i768!4f13.1!3m3!1m2!1s0x4705ce4e26bf108f%3A0x708570be4a9b49de!2sPlac%20Powsta%C5%84c%C3%B3w%20Wielkopolskich%2C%2062-067%20Rakoniewice!5e0!3m2!1spl!2spl!4v1649267675492!5m2!1spl!2spl\" width=\"600\" height=\"450\" allowfullscreen=\"allowfullscreen\" data-mce-fragment=\"1\"><\/iframe><\/p>\n<p><strong>META\u00a0<\/strong><\/p>\n<p style=\"text-align: left;\">Meta bieg\u00f3w Super GWiNT, Normal GWiNT, Mini GWiNT i Mikro GWiNT zlokalizowana jest\u00a0 przy Fala Park w Wolsztynie przy ul. Pozna\u0144skiej 1.<\/p>\n<p style=\"text-align: justify;\">W strefie mety znajduje si\u0119\u00a0miejsce posi\u0142ku dla zawodnik\u00f3w oraz odb\u0119d\u0105 si\u0119 dekoracje zwyci\u0119zc\u00f3w.<\/p>\n<p><iframe loading=\"lazy\" style=\"border: 0;\" src=\"https:\/\/www.google.com\/maps\/embed?pb=!1m18!1m12!1m3!1d3365.9967987041796!2d16.110410274705522!3d52.11863945336319!2m3!1f0!2f0!3f0!3m2!1i1024!2i768!4f13.1!3m3!1m2!1s0x0000000000000000%3A0x309d49939050871c!2sFala+Park+Sp.+z+o.o.!5e0!3m2!1spl!2spl!4v1452088820919\" width=\"600\" height=\"450\" frameborder=\"0\" data-mce-fragment=\"1\"><\/iframe><\/p>\n","protected":false},"excerpt":{"rendered":"<p>SUPER GWiNT Start biegu Super GWiNT zlokalizowany jest przy Fala Park w Wolsztynie przy ul. Pozna\u0144skiej 1 (www.falapark.pl). Start zawod\u00f3w<\/p>\n","protected":false},"author":2,"featured_media":0,"parent":0,"menu_order":0,"comment_status":"closed","ping_status":"closed","template":"","meta":{"footnotes":""},"class_list":["post-961","page","type-page","status-publish","hentry","comments-off"],"_links":{"self":[{"href":"https:\/\/ultragwint.pl\/index.php?rest_route=\/wp\/v2\/pages\/961","targetHints":{"allow":["GET"]}}],"collection":[{"href":"https:\/\/ultragwint.pl\/index.php?rest_route=\/wp\/v2\/pages"}],"about":[{"href":"https:\/\/ultragwint.pl\/index.php?rest_route=\/wp\/v2\/types\/page"}],"author":[{"embeddable":true,"href":"https:\/\/ultragwint.pl\/index.php?rest_route=\/wp\/v2\/users\/2"}],"replies":[{"embeddable":true,"href":"https:\/\/ultragwint.pl\/index.php?rest_route=%2Fwp%2Fv2%2Fcomments&post=961"}],"version-history":[{"count":1,"href":"https:\/\/ultragwint.pl\/index.php?rest_route=\/wp\/v2\/pages\/961\/revisions"}],"predecessor-version":[{"id":962,"href":"https:\/\/ultragwint.pl\/index.php?rest_route=\/wp\/v2\/pages\/961\/revisions\/962"}],"wp:attachment":[{"href":"https:\/\/ultragwint.pl\/index.php?rest_route=%2Fwp%2Fv2%2Fmedia&parent=961"}],"curies":[{"name":"wp","href":"https:\/\/api.w.org\/{rel}","templated":true}]}}