{"id":46,"date":"2019-01-18T22:14:34","date_gmt":"2019-01-18T21:14:34","guid":{"rendered":"http:\/\/127.0.0.1\/gwint\/?page_id=46"},"modified":"2023-04-29T17:59:55","modified_gmt":"2023-04-29T15:59:55","slug":"kontakt","status":"publish","type":"page","link":"https:\/\/ultragwint.pl\/?page_id=46","title":{"rendered":"Kontakt"},"content":{"rendered":"<p style=\"0text-align: center\\&quot;;\"><span style=\"0font-size: 14px\\&quot;;\">Masz pytania dotycz\u0105ce zawod\u00f3w? Napisz do nas: <a href=\"\\&quot;mailto:biuro@ultragwint.pl\\&quot;\">biuro@ultragwint.pl<\/a><\/span><\/p>\n<p>&nbsp;<\/p>\n<h3 style=\"0text-align: center\\&quot;;\"><span style=\"0font-size: 16px\\&quot;;\"><strong>Komitet Organizacyjny ultramaratonu &#8222;GWiNT Ultra Cross&#8221;<\/strong><\/span><\/h3>\n<ul>\n<li><strong>Przewodnicz\u0105cy Komitetu Organizacyjnego:<\/strong><\/li>\n<\/ul>\n<p>Piotr Bartkowiak<br \/>\ntel. +48\u00a0660-663-738<\/p>\n<ul>\n<li><strong>Dyrektor Zawod\u00f3w:<\/strong><\/li>\n<\/ul>\n<p>Ryszard Bronowicki<br \/>\ntel. +48 601-539-026<\/p>\n<ul>\n<li><strong>S\u0119dzia G\u0142\u00f3wny:<\/strong><\/li>\n<\/ul>\n<p>Andrzej Wojciechowski<br \/>\ntel. +48 602-210-272<\/p>\n<ul>\n<li><strong>Sekretarz:<\/strong><\/li>\n<\/ul>\n<p>Barbara Cichos<br \/>\ntel. +48 604-594-049<\/p>\n<ul>\n<li><b>G\u0142\u00f3wny Logistyk:<\/b><\/li>\n<\/ul>\n<p>S\u0142awomir Szyma\u0144ski<br \/>\ntel. +48 603-384-913<\/p>\n<ul>\n<li><strong>Koordynator Zapis\u00f3w:<\/strong><\/li>\n<\/ul>\n<p>Piotr Konieczny<br \/>\ntel. +48 604-909-821<\/p>\n","protected":false},"excerpt":{"rendered":"<p>Masz pytania dotycz\u0105ce zawod\u00f3w? Napisz do nas: biuro@ultragwint.pl &nbsp; Komitet Organizacyjny ultramaratonu &#8222;GWiNT Ultra Cross&#8221; Przewodnicz\u0105cy Komitetu Organizacyjnego: Piotr Bartkowiak<\/p>\n","protected":false},"author":2,"featured_media":0,"parent":0,"menu_order":0,"comment_status":"closed","ping_status":"closed","template":"","meta":{"footnotes":""},"class_list":["post-46","page","type-page","status-publish","hentry","comments-off"],"_links":{"self":[{"href":"https:\/\/ultragwint.pl\/index.php?rest_route=\/wp\/v2\/pages\/46","targetHints":{"allow":["GET"]}}],"collection":[{"href":"https:\/\/ultragwint.pl\/index.php?rest_route=\/wp\/v2\/pages"}],"about":[{"href":"https:\/\/ultragwint.pl\/index.php?rest_route=\/wp\/v2\/types\/page"}],"author":[{"embeddable":true,"href":"https:\/\/ultragwint.pl\/index.php?rest_route=\/wp\/v2\/users\/2"}],"replies":[{"embeddable":true,"href":"https:\/\/ultragwint.pl\/index.php?rest_route=%2Fwp%2Fv2%2Fcomments&post=46"}],"version-history":[{"count":4,"href":"https:\/\/ultragwint.pl\/index.php?rest_route=\/wp\/v2\/pages\/46\/revisions"}],"predecessor-version":[{"id":830,"href":"https:\/\/ultragwint.pl\/index.php?rest_route=\/wp\/v2\/pages\/46\/revisions\/830"}],"wp:attachment":[{"href":"https:\/\/ultragwint.pl\/index.php?rest_route=%2Fwp%2Fv2%2Fmedia&parent=46"}],"curies":[{"name":"wp","href":"https:\/\/api.w.org\/{rel}","templated":true}]}}