{"id":1013,"date":"2025-04-11T20:19:34","date_gmt":"2025-04-11T18:19:34","guid":{"rendered":"https:\/\/ultragwint.pl\/?page_id=1013"},"modified":"2025-04-14T11:25:45","modified_gmt":"2025-04-14T09:25:45","slug":"komunikat-startowy-2025","status":"publish","type":"page","link":"http:\/\/ultragwint.pl\/?page_id=1013","title":{"rendered":"komunikat startowy 2025"},"content":{"rendered":"<p><strong>KOMUNIKAT STARTOWY\u00a0<\/strong><strong>z dnia <\/strong><strong>\u00a0<\/strong><strong>11 kwietnia 2025 r.<\/strong><\/p>\n<p>&nbsp;<\/p>\n<p><strong>INFORMACJE ORGANIZACYJNE\u00a0<\/strong><strong>DLA ZAWODNIK\u00d3W ULTRAMARATONU GWiNT ULTRA CROSS<\/strong><\/p>\n<p><strong>I. BAZA ZAWOD\u00d3W<\/strong><\/p>\n<p>Baza Zawod\u00f3w znajduje si\u0119 w Fala Park, ul. Pozna\u0144ska 1, Wolsztyn.<br \/>\nW Bazie Zawod\u00f3w mie\u015bci si\u0119:<\/p>\n<ul>\n<li>Biuro Zawod\u00f3w, otwarte 25.04.2025 i 26.04.2025 w godzinach:\n<ul>\n<li>pi\u0105tek 16:00 &#8211; 17:10 <strong>dla dystansu SUPER <\/strong><\/li>\n<li>pi\u0105tek 16.00 &#8211; 20:00 oraz sobota 00:00 &#8211; 2:00 &#8211; <strong>dla dystansu NORMAL<\/strong><\/li>\n<li>pi\u0105tek 18.00 &#8211; 20:00 oraz sobota 9:00 &#8211; 10:40 &#8211; <strong>dla dystansu MINI<\/strong><\/li>\n<li>pi\u0105tek 18.00 &#8211; 20:00 oraz sobota 9:00 &#8211; 13.40 &#8211; <strong>dla dystansu MIKRO<\/strong><\/li>\n<\/ul>\n<\/li>\n<li>w\u0119ze\u0142 sanitarny (toalety, prysznice),<\/li>\n<li>depozyt.<\/li>\n<\/ul>\n<p>Aby odebra\u0107 pakiet startowy za innego zawodnika nale\u017cy dostarczy\u0107 do Biura Zawod\u00f3w <a href=\"http:\/\/ultragwint.pl\/wp-content\/uploads\/2024\/04\/upowaznienie_GWINT_2024.pdf\">upowa\u017cnienie do odbioru pakietu<\/a>\u00a0(dost\u0119pne na stronie w zak\u0142adce do pobrania) oraz\u00a0ksero\/zdj\u0119cie dowodu zawodnika &#8211; do wgl\u0105du.<\/p>\n<p><strong>II. PRZEPAKI<\/strong><\/p>\n<p>Punkty przepakowe zostan\u0105 zorganizowane dla zawodnik\u00f3w biegu Super GWiNT i\u00a0Normal GWiNT. Dla zawodnik\u00f3w biegu Mini GWiNT i Mikro GWiNT nie przewiduje si\u0119 przepak\u00f3w.<br \/>\nW pakietach startowych b\u0119d\u0105 znajdowa\u0142y si\u0119 worki foliowe:<\/p>\n<ul>\n<li>2 sztuki w dw\u00f3ch r\u00f3\u017cnych kolorach dla zawodnik\u00f3w biegu Super GWiNT &#8211; \u017c\u00f3\u0142ty do Nowego Tomy\u015bla, zielony do Grodziska,<\/li>\n<li>1 sztuka dla zawodnik\u00f3w biegu Normal GWiNT &#8211; zielony do Grodziska<\/li>\n<li>dodatkowy worek niebieski do pozostawienia rzeczy w depozycie Biura Zawod\u00f3w dla zawodnik\u00f3w wszystkich bieg\u00f3w.<\/li>\n<\/ul>\n<p>z przeznaczeniem na spakowanie depozyt\u00f3w na punkty przepakowe\/depozyt. Te same worki nale\u017cy wykorzysta\u0107 do pozostawienia depozyt\u00f3w na punktach przepakowych. Przepaki zostan\u0105 przewiezione przez organizator\u00f3w do Bazy Zawod\u00f3w w Wolsztynie.<\/p>\n<p><strong>Waga przepaku nie powinna przekracza\u0107 2 kg.\u00a0 <\/strong><\/p>\n<p>Depozyt na punkty przepakowe powinien zosta\u0107 przekazany organizatorom w Bazie Zawod\u00f3w:<\/p>\n<ul>\n<li>dla biegu Super GWiNT &#8211; w pi\u0105tek 25 kwietnia najp\u00f3\u017aniej do godziny <strong>17:30<\/strong>,<\/li>\n<li>dla biegu Normal GWiNT &#8211; w sobot\u0119 26 kwietnia najp\u00f3\u017aniej do godziny <strong>1:50<\/strong>.<\/li>\n<\/ul>\n<p>Mo\u017cliwo\u015b\u0107 pozostawienia organizatorom depozyt\u00f3w na przepaki stanowi u\u0142atwienie organizacyjne dla zawodnik\u00f3w. Jest to uzale\u017cnione od ich indywidualnych potrzeb. Zawodnicy nie maj\u0105 obowi\u0105zku pozostawienia organizatorom depozyt\u00f3w i korzystania z przepak\u00f3w.<\/p>\n<p><strong>III. START ZAWOD\u00d3W<\/strong><\/p>\n<p>Start zawod\u00f3w dla:<\/p>\n<ul>\n<li><strong>Super GWiNT 100 mil<\/strong> &#8211; Wolsztyn, ul. Pozna\u0144ska 1, Fala Park, 25 kwietnia (pi\u0105tek), godz. 18.00,<\/li>\n<li><strong>Normal GWiNT 110 km &#8211; <\/strong>Nowy Tomy\u015bl, Plac Niepodleg\u0142o\u015bci, 26 kwietnia (sobota), godz. 3.00, odjazd autobus\u00f3w*: 1:50 \u2013 2:00,<\/li>\n<li><strong>Mini GWiNT 55 km<\/strong> &#8211; Grodzisk Wlkp., Park Miejski, 26 kwietnia (sobota), godz. 12.00, odjazd autobus\u00f3w*: 10:50 \u2013 11:00,<\/li>\n<li><strong>Mikro GWiNT 30 km<\/strong> &#8211; Rakoniewice, 26 kwietnia (sobota) godz. 15.00, odjazd autobus\u00f3w*: 13:50 \u2013 14:00,<\/li>\n<\/ul>\n<p>*<strong>Autobusy<\/strong> b\u0119d\u0105 podstawione w Wolsztynie &#8211; <strong>Normal Gwint<\/strong> parking przy Fala Park ul.\u00a0Pozna\u0144ska 1, <strong>pozosta\u0142e dystanse<\/strong> parking przy ul. Komorowskiej 1b, 1000 m od biura zawod\u00f3w.<\/p>\n<p><strong>Jak doj\u015b\u0107 na parking:<\/strong><\/p>\n<p><img loading=\"lazy\" decoding=\"async\" class=\"aligncenter wp-image-1017 size-medium\" src=\"http:\/\/ultragwint.pl\/wp-content\/uploads\/2025\/04\/autobusy_2025-300x152.png\" alt=\"\" width=\"300\" height=\"152\" srcset=\"http:\/\/ultragwint.pl\/wp-content\/uploads\/2025\/04\/autobusy_2025-300x152.png 300w, http:\/\/ultragwint.pl\/wp-content\/uploads\/2025\/04\/autobusy_2025-1024x518.png 1024w, http:\/\/ultragwint.pl\/wp-content\/uploads\/2025\/04\/autobusy_2025-768x389.png 768w, http:\/\/ultragwint.pl\/wp-content\/uploads\/2025\/04\/autobusy_2025-1536x778.png 1536w, http:\/\/ultragwint.pl\/wp-content\/uploads\/2025\/04\/autobusy_2025.png 1740w\" sizes=\"auto, (max-width: 300px) 100vw, 300px\" \/><strong>VI. META ZAWOD\u00d3W<\/strong><\/p>\n<p>Meta wszystkich dystans\u00f3w ultramaratonu GWiNT Ultra Cross znajduje si\u0119 w Wolsztynie, Fala Park, ul. Pozna\u0144ska 1.<\/p>\n<p><strong>Parkingi dla samochod\u00f3w osobowych\u00a0 <\/strong>(p\u0142atne od poniedzia\u0142ku do pi\u0105tku w godzinach 9.00-17.00<\/p>\n<p><img loading=\"lazy\" decoding=\"async\" class=\"aligncenter size-medium wp-image-1016\" src=\"http:\/\/ultragwint.pl\/wp-content\/uploads\/2025\/04\/parkingi_2025-300x140.jpg\" alt=\"\" width=\"300\" height=\"140\" srcset=\"http:\/\/ultragwint.pl\/wp-content\/uploads\/2025\/04\/parkingi_2025-300x140.jpg 300w, http:\/\/ultragwint.pl\/wp-content\/uploads\/2025\/04\/parkingi_2025-1024x476.jpg 1024w, http:\/\/ultragwint.pl\/wp-content\/uploads\/2025\/04\/parkingi_2025-768x357.jpg 768w, http:\/\/ultragwint.pl\/wp-content\/uploads\/2025\/04\/parkingi_2025.jpg 1191w\" sizes=\"auto, (max-width: 300px) 100vw, 300px\" \/><strong>V. PUNKTY KONTROLNO-OD\u017bYWCZE<\/strong><\/p>\n<p><a href=\"http:\/\/ultragwint.pl\/wp-content\/uploads\/2024\/11\/P-KO_GWiNT_2025.png\"><img loading=\"lazy\" decoding=\"async\" class=\"aligncenter size-medium wp-image-964\" src=\"http:\/\/ultragwint.pl\/wp-content\/uploads\/2024\/11\/P-KO_GWiNT_2025-300x125.png\" alt=\"\" width=\"300\" height=\"125\" srcset=\"http:\/\/ultragwint.pl\/wp-content\/uploads\/2024\/11\/P-KO_GWiNT_2025-300x125.png 300w, http:\/\/ultragwint.pl\/wp-content\/uploads\/2024\/11\/P-KO_GWiNT_2025.png 739w\" sizes=\"auto, (max-width: 300px) 100vw, 300px\" \/><\/a><\/p>\n<p>Punkty Kontrolno-Od\u017cywcze zaopatrzone s\u0105 w:<\/p>\n<p>a) napoje &#8211; woda, izotonik, nap\u00f3j typu cola. Itp.<\/p>\n<p>b) posi\u0142ek &#8211; owoce, paluszki, cukier w kostkach, kabanosy itp.<\/p>\n<p>Na Punktach Kontrolno-Od\u017cywczych stanowi\u0105cych przepaki dla poszczeg\u00f3lnych bieg\u00f3w przewidziany jest ciep\u0142y posi\u0142ek (zupa) oraz herbata i kawa.<\/p>\n<p>Na mecie dla zawodnik\u00f3w przewidziany jest ciep\u0142y posi\u0142ek w wersji mi\u0119snej i wegetaria\u0144skiej.<\/p>\n<p>Obsada Punktu Kontrolno-Od\u017cywczego sk\u0142ada si\u0119 z:<\/p>\n<ul>\n<li>Koordynatora PK-O,<\/li>\n<li>S\u0119dziego PK-O,<\/li>\n<li>obs\u0142ugi PK-O.<\/li>\n<\/ul>\n<p><strong>Zawodnik musi mie\u0107 numer startowy przypi\u0119ty w widocznym miejscu.<\/strong><\/p>\n<p><strong>VI. LIMITY CZASU NA PUNKTACH KONTROLNO-OD\u017bYWCZYCH I NA MECIE<\/strong><\/p>\n<p>Organizator wprowadza dla zawodnik\u00f3w nast\u0119puj\u0105ce limity czasu na Punktach Kontrolno &#8211; Od\u017cywczych:<br \/>\n<a href=\"http:\/\/ultragwint.pl\/wp-content\/uploads\/2025\/04\/limity_pko_2025.png\"><img loading=\"lazy\" decoding=\"async\" class=\"aligncenter size-medium wp-image-1014\" src=\"http:\/\/ultragwint.pl\/wp-content\/uploads\/2025\/04\/limity_pko_2025-300x258.png\" alt=\"\" width=\"300\" height=\"258\" srcset=\"http:\/\/ultragwint.pl\/wp-content\/uploads\/2025\/04\/limity_pko_2025-300x258.png 300w, http:\/\/ultragwint.pl\/wp-content\/uploads\/2025\/04\/limity_pko_2025.png 649w\" sizes=\"auto, (max-width: 300px) 100vw, 300px\" \/><\/a><\/p>\n<p><strong>W przypadku niezmieszczenia si\u0119 przez zawodnika w limicie czasu na Punkcie Kontrolno-Od\u017cywczym obj\u0119tym tym limitem, zawodnik zostaje zdyskwalifikowany i nie mo\u017ce kontynuowa\u0107 zawod\u00f3w.<\/strong><\/p>\n<p>Zawodnik nie ma prawa kontynuowa\u0107 zawod\u00f3w i zobowi\u0105zany jest stosowa\u0107 si\u0119 do wskaz\u00f3wek S\u0119dziego PK-O oraz Koordynatora PK-O.<\/p>\n<p><strong>VII. WYPOSA\u017bENIE OBOWI\u0104ZKOWE I ZALECANE<\/strong><strong> (zgodnie z regulaminem)<\/strong><\/p>\n<p>Art. 55. Wyposa\u017cenie <strong>obowi\u0105zkowe <\/strong>Uczestnik\u00f3w Zawod\u00f3w na dystansie Super GWiNT i\u00a0Normal\u00a0 GWiNT obejmuje:<\/p>\n<ol>\n<li><strong>latark\u0119 czo\u0142ow\u0105 <\/strong>(dobrej jako\u015bci),<\/li>\n<li><strong>na\u0142adowany<\/strong><strong> i <u>w\u0142\u0105czony<\/u> telefon kom\u00f3rkowy<\/strong>,<\/li>\n<li>minimum 0,5 litra napoju na starcie (bidon, buk\u0142ak),<\/li>\n<li>dokument to\u017csamo\u015bci,<\/li>\n<li><strong>kubek wielorazowego u\u017cytku<\/strong>, (na punktach od\u017cywczych Organizator nie zapewnia kubk\u00f3w jednorazowych),<\/li>\n<li><strong>foli\u0119 termoizolacyjn\u0105 <\/strong>(NRC),<\/li>\n<li>element odblaskowy na ubraniu.<\/li>\n<\/ol>\n<p>Art. 55a. Wyposa\u017cenie <strong>zalecane <\/strong>Uczestnik\u00f3w Zawod\u00f3w na dystansie Super GWiNT i\u00a0Normal\u00a0 GWiNT obejmuje:<\/p>\n<ol>\n<li>odzie\u017c chroni\u0105ca przed zimnem i deszczem,<\/li>\n<li>apteczk\u0119 pierwszej pomocy (zalecane wyposa\u017cenie: plastry, \u015brodki opatrunkowe, \u015brodki przeciwb\u00f3lowe, banda\u017c elastyczny),<\/li>\n<li>prowiant na drog\u0119.<\/li>\n<\/ol>\n<p>Art. 56. Wyposa\u017cenie <strong>obowi\u0105zkowe <\/strong>Uczestnik\u00f3w Zawod\u00f3w na dystansie Mini GWiNT i\u00a0Mikro\u00a0 GWiNT obejmuje:<\/p>\n<ol>\n<li><strong>na\u0142adowany i <u>w\u0142\u0105czony<\/u> telefon kom\u00f3rkowy<\/strong>,<\/li>\n<li>dokument to\u017csamo\u015bci,<\/li>\n<li><strong>kubek wielorazowego u\u017cytku<\/strong>, (na punktach od\u017cywczych Organizator nie zapewnia kubk\u00f3w jednorazowych),<\/li>\n<li>element odblaskowy na ubraniu.<\/li>\n<\/ol>\n<p>Art. 56a. Wyposa\u017cenie <strong>zalecane <\/strong>Uczestnik\u00f3w Zawod\u00f3w na dystansie Mini GWiNT i Mikro GWiNT\u00a0 obejmuje:<\/p>\n<ol>\n<li>latark\u0119 czo\u0142ow\u0105 (dobrej jako\u015bci),<\/li>\n<li>minimum 0,5 litra napoju na starcie (bidon, buk\u0142ak),<\/li>\n<li>foli\u0119 termoizolacyjn\u0105 (NRC),<\/li>\n<li>odzie\u017c chroni\u0105ca przed zimnem i deszczem,<\/li>\n<li>apteczk\u0119 pierwszej pomocy (zalecane wyposa\u017cenie: plastry, \u015brodki opatrunkowe, \u015brodki przeciwb\u00f3lowe, banda\u017c elastyczny),<\/li>\n<li>prowiant na drog\u0119.<\/li>\n<\/ol>\n<p><strong>\u00a0<\/strong><strong>VIII. WYCOFANIE SI\u0118 Z ZAWOD\u00d3W <\/strong><\/p>\n<ol>\n<li>25 Regulaminu. <strong>Zawodnik schodz\u0105cy z trasy na PKO ma obowi\u0105zek powiadomi\u0107 o swojej rezygnacji z biegu s\u0119dziego obecnego na danym PKO. <\/strong><\/li>\n<li>26 Regulaminu. <strong>Zawodnik schodz\u0105cy z trasy poza PKO ma obowi\u0105zek poinformowa\u0107 o tym Organizatora (telefonicznie lub w inny skuteczny spos\u00f3b, numer telefonu b\u0119dzie\u00a0 podany na numerze startowym). W przeciwnym razie Organizator mo\u017ce obci\u0105\u017cy\u0107\u00a0 takiego zawodnika kosztami akcji poszukiwawczej.\u00a0 <\/strong><\/li>\n<li>Po wycofaniu si\u0119 nie ma mo\u017cliwo\u015bci dalszego uczestniczenia w zawodach lub ponownego w\u0142\u0105czenia si\u0119 do rywalizacji.<\/li>\n<\/ol>\n<p>&nbsp;<\/p>\n<p><strong>IX. DOZWOLONE WSPARCIE ZAWODNIKA TRASY SUPER GWiNT (100 MIL) <\/strong><\/p>\n<p>INFORMACJE OG\u00d3LNE<\/p>\n<ol>\n<li>Ze wzgl\u0119du na bezpiecze\u0144stwo zawodnik\u00f3w pokonuj\u0105cych tras\u0119 Super GWiNT (100 mil) przewidujemy mo\u017cliwo\u015b\u0107 ich wsparcia przez osoby trzecie nieb\u0119d\u0105ce zawodnikami (tzw. osoby eskortuj\u0105ce).<\/li>\n<li>Wsparcie polega na mo\u017cliwo\u015bci pokonania przez osob\u0119 eskortuj\u0105c\u0105 okre\u015blonego przez organizator\u00f3w odcinka trasy Super GWiNTa w charakterze osoby towarzysz\u0105cej zawodnikowi.<\/li>\n<li>Zadaniem osoby eskortuj\u0105cej jest czuwanie nad bezpiecze\u0144stwem zawodnika i\u00a0monitorowanie jego stanu psychofizycznego. W przypadku zas\u0142abni\u0119cia zawodnika na trasie, osoba eskortuj\u0105ca ma obowi\u0105zek natychmiastowego powiadomienia organizator\u00f3w o tym fakcie, pozostania przy zawodniku do czasu przybycia pomocy i\u00a0podj\u0119cia niezb\u0119dnych czynno\u015bci ratunkowych z zakresu pierwszej pomocy.<\/li>\n<li>Osoba eskortuj\u0105ca nie mo\u017ce nie\u015b\u0107 wyposa\u017cenia zawodnika, w tym jego jedzenia i\u00a0picia. Je\u017celi fakt niedozwolonego wsparcia zostanie ujawniony, eskortowany zawodnik podlega dyskwalifikacji.<\/li>\n<li>Organizator nie zapewnia zawodnikom wsparcia os\u00f3b eskortuj\u0105cych. Znajduje si\u0119 to w gestii zawodnika.<\/li>\n<li>Jednemu zawodnikowi mo\u017ce towarzyszy\u0107 na trasie 1 osoba eskortuj\u0105ca.<\/li>\n<li>Osoba eskortuj\u0105ca wspiera zawodnika wy\u0142\u0105cznie na w\u0142asn\u0105 odpowiedzialno\u015b\u0107.<\/li>\n<li>Osoba eskortuj\u0105ca nie korzysta z jedzenia i napoj\u00f3w stanowi\u0105cych wyposa\u017cenie<br \/>\nPK-O.<\/li>\n<\/ol>\n<p><strong>\u00a0<\/strong>PUNKTY LEGALNEGO WSPARCIA<\/p>\n<ol start=\"9\">\n<li>Osoby eskortuj\u0105ce mog\u0105 wspiera\u0107 zawodnik\u00f3w wy\u0142\u0105cznie od nast\u0119puj\u0105cych Punkt\u00f3w Kontrolno-Od\u017cywczych:<\/li>\n<\/ol>\n<ul>\n<li>PK-O w Rakoniewicach (oko\u0142o 35 km do mety w Wolsztynie),<\/li>\n<li>PK-O w G\u0142odnie (18 km do mety w Wolsztynie).<\/li>\n<\/ul>\n<ol start=\"10\">\n<li>Organizator nie zapewnia dowozu os\u00f3b eskortuj\u0105cych na Punkty Kontrolno-Od\u017cywcze. Zapewnienie transportu i logistyki znajduje si\u0119 wy\u0142\u0105cznie w gestii os\u00f3b eskortuj\u0105cych.<\/li>\n<\/ol>\n<p>PROCEDURA ZG\u0141OSZENIA OSOBY ESKORTUJ\u0104CEJ<\/p>\n<ol start=\"11\">\n<li>Osoba zamierzaj\u0105ca eskortowa\u0107 zawodnika ma obowi\u0105zek zg\u0142osi\u0107 ten fakt Koordynatorowi PK-O. W tym celu:<\/li>\n<\/ol>\n<p>a) wpisuje si\u0119 na list\u0119 znajduj\u0105c\u0105 si\u0119 u Koordynatora PK-O podaj\u0105c:<\/p>\n<ul>\n<li>imi\u0119 i nazwisko i nr telefonu kontaktowego,<\/li>\n<li>imi\u0119 i nazwisko oraz numer startowy zawodnika wspieranego,<\/li>\n<\/ul>\n<p>b) podpisuje o\u015bwiadczenia o stanie zdrowia i o eskortowaniu zawodnika na w\u0142asn\u0105 odpowiedzialno\u015b\u0107. (<a href=\"http:\/\/ultragwint.pl\/wp-content\/uploads\/2023\/01\/GWiNT-oswiadczenie-eskorta.pdf\">o\u015bwiadczenie<\/a> dost\u0119pne na stronie w zak\u0142adce do pobrania)<\/p>\n<p><a href=\"http:\/\/ultragwint.pl\/wp-content\/uploads\/2025\/04\/Komunikat_startowy_1_2025.pdf\">Komunikat do pobrania<\/a><\/p>\n<p>&nbsp;<\/p>\n<p>&nbsp;<\/p>\n","protected":false},"excerpt":{"rendered":"<p>KOMUNIKAT STARTOWY\u00a0z dnia \u00a011 kwietnia 2025 r. &nbsp; INFORMACJE ORGANIZACYJNE\u00a0DLA ZAWODNIK\u00d3W ULTRAMARATONU GWiNT ULTRA CROSS I. BAZA ZAWOD\u00d3W Baza Zawod\u00f3w<\/p>\n","protected":false},"author":2,"featured_media":0,"parent":0,"menu_order":0,"comment_status":"closed","ping_status":"closed","template":"","meta":{"footnotes":""},"class_list":["post-1013","page","type-page","status-publish","hentry","comments-off"],"_links":{"self":[{"href":"http:\/\/ultragwint.pl\/index.php?rest_route=\/wp\/v2\/pages\/1013","targetHints":{"allow":["GET"]}}],"collection":[{"href":"http:\/\/ultragwint.pl\/index.php?rest_route=\/wp\/v2\/pages"}],"about":[{"href":"http:\/\/ultragwint.pl\/index.php?rest_route=\/wp\/v2\/types\/page"}],"author":[{"embeddable":true,"href":"http:\/\/ultragwint.pl\/index.php?rest_route=\/wp\/v2\/users\/2"}],"replies":[{"embeddable":true,"href":"http:\/\/ultragwint.pl\/index.php?rest_route=%2Fwp%2Fv2%2Fcomments&post=1013"}],"version-history":[{"count":5,"href":"http:\/\/ultragwint.pl\/index.php?rest_route=\/wp\/v2\/pages\/1013\/revisions"}],"predecessor-version":[{"id":1026,"href":"http:\/\/ultragwint.pl\/index.php?rest_route=\/wp\/v2\/pages\/1013\/revisions\/1026"}],"wp:attachment":[{"href":"http:\/\/ultragwint.pl\/index.php?rest_route=%2Fwp%2Fv2%2Fmedia&parent=1013"}],"curies":[{"name":"wp","href":"https:\/\/api.w.org\/{rel}","templated":true}]}}